{"id":9391,"date":"2022-10-25T13:11:14","date_gmt":"2022-10-25T13:11:14","guid":{"rendered":"https:\/\/pepper.ee\/toode\/moisturizing-parrot-cleanser-avifood-shower-250-ml\/"},"modified":"2022-10-25T13:11:14","modified_gmt":"2022-10-25T13:11:14","slug":"moisturizing-parrot-cleanser-avifood-shower-250-ml","status":"publish","type":"product","link":"https:\/\/pepper.ee\/en\/toode\/moisturizing-parrot-cleanser-avifood-shower-250-ml\/","title":{"rendered":"Moisturizing Parrot Cleanser &#8211; Avifood Shower 250 ml"},"content":{"rendered":"<p>Avifood Shower, niisutav sulgede puhastusvahend, puhastab papagoi suled, toob esile nende loomuliku l\u00e4ike ning aitab taastada naha ja sulgede niiskustaseme, mida papagoid sageli kuiva sisekeskkonna t\u00f5ttu kaotavad. Samuti aitab see v\u00e4hendada k\u00f5\u00f5ma ja tolmueritust. V\u00f5ib kasutada igap\u00e4evaselt v\u00f5i vastavalt vajadusele, et hoida papagoi sulgi ilusatena ja tervetena. Vahendit ei pea loputama ning sobib kasutamiseks ka roomajate ja imetajate puhul.<\/p>\n<p>Kasutamine: enne kasutamist loksutage pudelit korralikult, pihustage v\u00e4hemalt 30 cm kauguselt.<\/p>\n<p>S\u00e4ilitamine: toatemperatuuril<\/p>\n<p>Koostis: vesi, kookosgl\u00fckosiid, naatriumkookossulfaat, dinaatriumkookoamfodiatsetaat, gl\u00fctser\u00fc\u00fclkapr\u00fclaat, pantenool, gl\u00fctseriin, gl\u00fctser\u00fc\u00fcloleaat, bisabolool, guarh\u00fcdroks\u00fcprop\u00fc\u00fcltrimooniumkloriid<\/p>\n<p>Kogus: 250 ml<\/p>\n<p>Toote tarneaeg: 2-14 p\u00e4eva<\/p>\n","protected":false},"excerpt":{"rendered":"<p>Cleans feathers effectively. Suitable for daily use. Enhances the natural shine of feathers. Reduces feather dander and dust. Restores moisture to feathers and skin. Does not require rinsing. Can be used for reptiles and mammals as well.<\/p>\n","protected":false},"featured_media":6933,"comment_status":"open","ping_status":"closed","template":"","meta":[],"product_brand":[],"product_cat":[525],"product_tag":[],"class_list":{"0":"post-9391","1":"product","2":"type-product","3":"status-publish","4":"has-post-thumbnail","6":"product_cat-care-products","8":"first","9":"instock","10":"taxable","11":"shipping-taxable","12":"purchasable","13":"product-type-simple"},"yoast_head":"<!-- This site is optimized with the Yoast SEO plugin v27.4 - https:\/\/yoast.com\/product\/yoast-seo-wordpress\/ -->\n<title>Moisturizing Parrot Cleanser - Avifood Shower 250 ml<\/title>\n<meta name=\"description\" content=\"The product helps restore the moisture level of the skin and feathers, which parrots often lose due to dry indoor environments. Suitable for daily use.\" \/>\n<meta name=\"robots\" content=\"index, follow, max-snippet:-1, max-image-preview:large, max-video-preview:-1\" \/>\n<link rel=\"canonical\" href=\"https:\/\/pepper.ee\/en\/toode\/moisturizing-parrot-cleanser-avifood-shower-250-ml\/\" \/>\n<meta property=\"og:locale\" content=\"en_US\" \/>\n<meta property=\"og:type\" content=\"article\" \/>\n<meta property=\"og:title\" content=\"Moisturizing Parrot Cleanser - Avifood Shower 250 ml\" \/>\n<meta property=\"og:description\" content=\"The product helps restore the moisture level of the skin and feathers, which parrots often lose due to dry indoor environments. Suitable for daily use.\" \/>\n<meta property=\"og:url\" content=\"https:\/\/pepper.ee\/en\/toode\/moisturizing-parrot-cleanser-avifood-shower-250-ml\/\" \/>\n<meta property=\"og:site_name\" content=\"Pepper.ee\" \/>\n<meta property=\"article:publisher\" content=\"https:\/\/www.facebook.com\/profile.php?id=100057433870928\" \/>\n<meta property=\"og:image\" content=\"https:\/\/pepper.ee\/wp-content\/uploads\/2022\/10\/51J087lVi6L._AC_SS450_.jpg\" \/>\n\t<meta property=\"og:image:width\" content=\"450\" \/>\n\t<meta property=\"og:image:height\" content=\"450\" \/>\n\t<meta property=\"og:image:type\" content=\"image\/jpeg\" \/>\n<meta name=\"twitter:card\" content=\"summary_large_image\" \/>\n<meta name=\"twitter:label1\" content=\"Est. reading time\" \/>\n\t<meta name=\"twitter:data1\" content=\"1 minute\" \/>\n<script type=\"application\/ld+json\" class=\"yoast-schema-graph\">{\"@context\":\"https:\\\/\\\/schema.org\",\"@graph\":[{\"@type\":\"WebPage\",\"@id\":\"https:\\\/\\\/pepper.ee\\\/en\\\/toode\\\/moisturizing-parrot-cleanser-avifood-shower-250-ml\\\/\",\"url\":\"https:\\\/\\\/pepper.ee\\\/en\\\/toode\\\/moisturizing-parrot-cleanser-avifood-shower-250-ml\\\/\",\"name\":\"Moisturizing Parrot Cleanser - Avifood Shower 250 ml\",\"isPartOf\":{\"@id\":\"https:\\\/\\\/pepper.ee\\\/#website\"},\"primaryImageOfPage\":{\"@id\":\"https:\\\/\\\/pepper.ee\\\/en\\\/toode\\\/moisturizing-parrot-cleanser-avifood-shower-250-ml\\\/#primaryimage\"},\"image\":{\"@id\":\"https:\\\/\\\/pepper.ee\\\/en\\\/toode\\\/moisturizing-parrot-cleanser-avifood-shower-250-ml\\\/#primaryimage\"},\"thumbnailUrl\":\"https:\\\/\\\/pepper.ee\\\/wp-content\\\/uploads\\\/2022\\\/10\\\/51J087lVi6L._AC_SS450_.jpg\",\"datePublished\":\"2022-10-25T13:11:14+00:00\",\"description\":\"The product helps restore the moisture level of the skin and feathers, which parrots often lose due to dry indoor environments. Suitable for daily use.\",\"breadcrumb\":{\"@id\":\"https:\\\/\\\/pepper.ee\\\/en\\\/toode\\\/moisturizing-parrot-cleanser-avifood-shower-250-ml\\\/#breadcrumb\"},\"inLanguage\":\"en-US\",\"potentialAction\":[{\"@type\":\"ReadAction\",\"target\":[\"https:\\\/\\\/pepper.ee\\\/en\\\/toode\\\/moisturizing-parrot-cleanser-avifood-shower-250-ml\\\/\"]}]},{\"@type\":\"ImageObject\",\"inLanguage\":\"en-US\",\"@id\":\"https:\\\/\\\/pepper.ee\\\/en\\\/toode\\\/moisturizing-parrot-cleanser-avifood-shower-250-ml\\\/#primaryimage\",\"url\":\"https:\\\/\\\/pepper.ee\\\/wp-content\\\/uploads\\\/2022\\\/10\\\/51J087lVi6L._AC_SS450_.jpg\",\"contentUrl\":\"https:\\\/\\\/pepper.ee\\\/wp-content\\\/uploads\\\/2022\\\/10\\\/51J087lVi6L._AC_SS450_.jpg\",\"width\":450,\"height\":450},{\"@type\":\"BreadcrumbList\",\"@id\":\"https:\\\/\\\/pepper.ee\\\/en\\\/toode\\\/moisturizing-parrot-cleanser-avifood-shower-250-ml\\\/#breadcrumb\",\"itemListElement\":[{\"@type\":\"ListItem\",\"position\":1,\"name\":\"Home\",\"item\":\"https:\\\/\\\/pepper.ee\\\/en\\\/\"},{\"@type\":\"ListItem\",\"position\":2,\"name\":\"Shop\",\"item\":\"https:\\\/\\\/pepper.ee\\\/pood\\\/\"},{\"@type\":\"ListItem\",\"position\":3,\"name\":\"Moisturizing Parrot Cleanser &#8211; Avifood Shower 250 ml\"}]},{\"@type\":\"WebSite\",\"@id\":\"https:\\\/\\\/pepper.ee\\\/#website\",\"url\":\"https:\\\/\\\/pepper.ee\\\/\",\"name\":\"Pepper.ee\",\"description\":\"\",\"potentialAction\":[{\"@type\":\"SearchAction\",\"target\":{\"@type\":\"EntryPoint\",\"urlTemplate\":\"https:\\\/\\\/pepper.ee\\\/?s={search_term_string}\"},\"query-input\":{\"@type\":\"PropertyValueSpecification\",\"valueRequired\":true,\"valueName\":\"search_term_string\"}}],\"inLanguage\":\"en-US\"}]}<\/script>\n<!-- \/ Yoast SEO plugin. -->","yoast_head_json":{"title":"Moisturizing Parrot Cleanser - Avifood Shower 250 ml","description":"The product helps restore the moisture level of the skin and feathers, which parrots often lose due to dry indoor environments. Suitable for daily use.","robots":{"index":"index","follow":"follow","max-snippet":"max-snippet:-1","max-image-preview":"max-image-preview:large","max-video-preview":"max-video-preview:-1"},"canonical":"https:\/\/pepper.ee\/en\/toode\/moisturizing-parrot-cleanser-avifood-shower-250-ml\/","og_locale":"en_US","og_type":"article","og_title":"Moisturizing Parrot Cleanser - Avifood Shower 250 ml","og_description":"The product helps restore the moisture level of the skin and feathers, which parrots often lose due to dry indoor environments. Suitable for daily use.","og_url":"https:\/\/pepper.ee\/en\/toode\/moisturizing-parrot-cleanser-avifood-shower-250-ml\/","og_site_name":"Pepper.ee","article_publisher":"https:\/\/www.facebook.com\/profile.php?id=100057433870928","og_image":[{"width":450,"height":450,"url":"https:\/\/pepper.ee\/wp-content\/uploads\/2022\/10\/51J087lVi6L._AC_SS450_.jpg","type":"image\/jpeg"}],"twitter_card":"summary_large_image","twitter_misc":{"Est. reading time":"1 minute"},"schema":{"@context":"https:\/\/schema.org","@graph":[{"@type":"WebPage","@id":"https:\/\/pepper.ee\/en\/toode\/moisturizing-parrot-cleanser-avifood-shower-250-ml\/","url":"https:\/\/pepper.ee\/en\/toode\/moisturizing-parrot-cleanser-avifood-shower-250-ml\/","name":"Moisturizing Parrot Cleanser - Avifood Shower 250 ml","isPartOf":{"@id":"https:\/\/pepper.ee\/#website"},"primaryImageOfPage":{"@id":"https:\/\/pepper.ee\/en\/toode\/moisturizing-parrot-cleanser-avifood-shower-250-ml\/#primaryimage"},"image":{"@id":"https:\/\/pepper.ee\/en\/toode\/moisturizing-parrot-cleanser-avifood-shower-250-ml\/#primaryimage"},"thumbnailUrl":"https:\/\/pepper.ee\/wp-content\/uploads\/2022\/10\/51J087lVi6L._AC_SS450_.jpg","datePublished":"2022-10-25T13:11:14+00:00","description":"The product helps restore the moisture level of the skin and feathers, which parrots often lose due to dry indoor environments. Suitable for daily use.","breadcrumb":{"@id":"https:\/\/pepper.ee\/en\/toode\/moisturizing-parrot-cleanser-avifood-shower-250-ml\/#breadcrumb"},"inLanguage":"en-US","potentialAction":[{"@type":"ReadAction","target":["https:\/\/pepper.ee\/en\/toode\/moisturizing-parrot-cleanser-avifood-shower-250-ml\/"]}]},{"@type":"ImageObject","inLanguage":"en-US","@id":"https:\/\/pepper.ee\/en\/toode\/moisturizing-parrot-cleanser-avifood-shower-250-ml\/#primaryimage","url":"https:\/\/pepper.ee\/wp-content\/uploads\/2022\/10\/51J087lVi6L._AC_SS450_.jpg","contentUrl":"https:\/\/pepper.ee\/wp-content\/uploads\/2022\/10\/51J087lVi6L._AC_SS450_.jpg","width":450,"height":450},{"@type":"BreadcrumbList","@id":"https:\/\/pepper.ee\/en\/toode\/moisturizing-parrot-cleanser-avifood-shower-250-ml\/#breadcrumb","itemListElement":[{"@type":"ListItem","position":1,"name":"Home","item":"https:\/\/pepper.ee\/en\/"},{"@type":"ListItem","position":2,"name":"Shop","item":"https:\/\/pepper.ee\/pood\/"},{"@type":"ListItem","position":3,"name":"Moisturizing Parrot Cleanser &#8211; Avifood Shower 250 ml"}]},{"@type":"WebSite","@id":"https:\/\/pepper.ee\/#website","url":"https:\/\/pepper.ee\/","name":"Pepper.ee","description":"","potentialAction":[{"@type":"SearchAction","target":{"@type":"EntryPoint","urlTemplate":"https:\/\/pepper.ee\/?s={search_term_string}"},"query-input":{"@type":"PropertyValueSpecification","valueRequired":true,"valueName":"search_term_string"}}],"inLanguage":"en-US"}]}},"_links":{"self":[{"href":"https:\/\/pepper.ee\/en\/wp-json\/wp\/v2\/product\/9391","targetHints":{"allow":["GET"]}}],"collection":[{"href":"https:\/\/pepper.ee\/en\/wp-json\/wp\/v2\/product"}],"about":[{"href":"https:\/\/pepper.ee\/en\/wp-json\/wp\/v2\/types\/product"}],"replies":[{"embeddable":true,"href":"https:\/\/pepper.ee\/en\/wp-json\/wp\/v2\/comments?post=9391"}],"wp:featuredmedia":[{"embeddable":true,"href":"https:\/\/pepper.ee\/en\/wp-json\/wp\/v2\/media\/6933"}],"wp:attachment":[{"href":"https:\/\/pepper.ee\/en\/wp-json\/wp\/v2\/media?parent=9391"}],"wp:term":[{"taxonomy":"product_brand","embeddable":true,"href":"https:\/\/pepper.ee\/en\/wp-json\/wp\/v2\/product_brand?post=9391"},{"taxonomy":"product_cat","embeddable":true,"href":"https:\/\/pepper.ee\/en\/wp-json\/wp\/v2\/product_cat?post=9391"},{"taxonomy":"product_tag","embeddable":true,"href":"https:\/\/pepper.ee\/en\/wp-json\/wp\/v2\/product_tag?post=9391"}],"curies":[{"name":"wp","href":"https:\/\/api.w.org\/{rel}","templated":true}]}}