{"id":11143,"date":"2024-05-30T06:47:50","date_gmt":"2024-05-30T06:47:50","guid":{"rendered":"https:\/\/pepper.ee\/toode\/parrot-foot-toy-tripple-woodie\/"},"modified":"2024-05-30T06:47:50","modified_gmt":"2024-05-30T06:47:50","slug":"parrot-foot-toy-tripple-woodie","status":"publish","type":"product","link":"https:\/\/pepper.ee\/en\/toode\/parrot-foot-toy-tripple-woodie\/","title":{"rendered":"Parrot Foot Toy Tripple Woodie"},"content":{"rendered":"<p>The fun wooden foot toy offers joy and chewing fun while playing on the table and holding the toy with the foot. Between two wooden balls are three rotating square blocks, which can parrot hold by foot.<\/p>\n<p><strong>Product dimensions:<\/strong> 7 x 3 x 3 cm<\/p>\n<p><strong>Material:<\/strong> wood<\/p>\n<p><strong>Delivery time:<\/strong> 2-14 days<\/p>\n","protected":false},"excerpt":{"rendered":"<ul>\n<li>The fun wooden foot toy offers joy and chewing fun while playing on the table and holding the toy with the foot.<\/li>\n<li>Between two wooden balls are three rotating square blocks, which can parrot hold by foot.<\/li>\n<\/ul>\n","protected":false},"featured_media":11057,"comment_status":"open","ping_status":"closed","template":"","meta":[],"product_brand":[],"product_cat":[513,528,530],"product_tag":[],"class_list":{"0":"post-11143","1":"product","2":"type-product","3":"status-publish","4":"has-post-thumbnail","6":"product_cat-parrots","7":"product_cat-toys","8":"product_cat-foot-toys","10":"first","11":"instock","12":"taxable","13":"shipping-taxable","14":"purchasable","15":"product-type-simple"},"yoast_head":"<!-- This site is optimized with the Yoast SEO plugin v27.3 - https:\/\/yoast.com\/product\/yoast-seo-wordpress\/ -->\n<title>Parrot Foot Toy Tripple Woodie - Pepper.ee<\/title>\n<meta name=\"description\" content=\"L\u00f5bus puidust jalam\u00e4nguasi papagoidele Tripple Woodie pakub r\u00f5\u00f5mu ja n\u00e4rimislusti laual m\u00e4ngides ja jalaga m\u00e4nguasja hoides.\" \/>\n<meta name=\"robots\" content=\"index, follow, max-snippet:-1, max-image-preview:large, max-video-preview:-1\" \/>\n<link rel=\"canonical\" href=\"https:\/\/pepper.ee\/en\/toode\/parrot-foot-toy-tripple-woodie\/\" \/>\n<meta property=\"og:locale\" content=\"en_US\" \/>\n<meta property=\"og:type\" content=\"article\" \/>\n<meta property=\"og:title\" content=\"Parrot Foot Toy Tripple Woodie - Pepper.ee\" \/>\n<meta property=\"og:description\" content=\"L\u00f5bus puidust jalam\u00e4nguasi papagoidele Tripple Woodie pakub r\u00f5\u00f5mu ja n\u00e4rimislusti laual m\u00e4ngides ja jalaga m\u00e4nguasja hoides.\" \/>\n<meta property=\"og:url\" content=\"https:\/\/pepper.ee\/en\/toode\/parrot-foot-toy-tripple-woodie\/\" \/>\n<meta property=\"og:site_name\" content=\"Pepper.ee\" \/>\n<meta property=\"article:publisher\" content=\"https:\/\/www.facebook.com\/profile.php?id=100057433870928\" \/>\n<meta property=\"og:image\" content=\"https:\/\/pepper.ee\/wp-content\/uploads\/2024\/05\/Papagoi-jalamanguasi-Tripple-Woodie-2.jpg\" \/>\n\t<meta property=\"og:image:width\" content=\"1200\" \/>\n\t<meta property=\"og:image:height\" content=\"1200\" \/>\n\t<meta property=\"og:image:type\" content=\"image\/jpeg\" \/>\n<meta name=\"twitter:card\" content=\"summary_large_image\" \/>\n<script type=\"application\/ld+json\" class=\"yoast-schema-graph\">{\"@context\":\"https:\\\/\\\/schema.org\",\"@graph\":[{\"@type\":\"WebPage\",\"@id\":\"https:\\\/\\\/pepper.ee\\\/en\\\/toode\\\/parrot-foot-toy-tripple-woodie\\\/\",\"url\":\"https:\\\/\\\/pepper.ee\\\/en\\\/toode\\\/parrot-foot-toy-tripple-woodie\\\/\",\"name\":\"Parrot Foot Toy Tripple Woodie - Pepper.ee\",\"isPartOf\":{\"@id\":\"https:\\\/\\\/pepper.ee\\\/#website\"},\"primaryImageOfPage\":{\"@id\":\"https:\\\/\\\/pepper.ee\\\/en\\\/toode\\\/parrot-foot-toy-tripple-woodie\\\/#primaryimage\"},\"image\":{\"@id\":\"https:\\\/\\\/pepper.ee\\\/en\\\/toode\\\/parrot-foot-toy-tripple-woodie\\\/#primaryimage\"},\"thumbnailUrl\":\"https:\\\/\\\/pepper.ee\\\/wp-content\\\/uploads\\\/2024\\\/05\\\/Papagoi-jalamanguasi-Tripple-Woodie-2.jpg\",\"datePublished\":\"2024-05-30T06:47:50+00:00\",\"description\":\"L\u00f5bus puidust jalam\u00e4nguasi papagoidele Tripple Woodie pakub r\u00f5\u00f5mu ja n\u00e4rimislusti laual m\u00e4ngides ja jalaga m\u00e4nguasja hoides.\",\"breadcrumb\":{\"@id\":\"https:\\\/\\\/pepper.ee\\\/en\\\/toode\\\/parrot-foot-toy-tripple-woodie\\\/#breadcrumb\"},\"inLanguage\":\"en-US\",\"potentialAction\":[{\"@type\":\"ReadAction\",\"target\":[\"https:\\\/\\\/pepper.ee\\\/en\\\/toode\\\/parrot-foot-toy-tripple-woodie\\\/\"]}]},{\"@type\":\"ImageObject\",\"inLanguage\":\"en-US\",\"@id\":\"https:\\\/\\\/pepper.ee\\\/en\\\/toode\\\/parrot-foot-toy-tripple-woodie\\\/#primaryimage\",\"url\":\"https:\\\/\\\/pepper.ee\\\/wp-content\\\/uploads\\\/2024\\\/05\\\/Papagoi-jalamanguasi-Tripple-Woodie-2.jpg\",\"contentUrl\":\"https:\\\/\\\/pepper.ee\\\/wp-content\\\/uploads\\\/2024\\\/05\\\/Papagoi-jalamanguasi-Tripple-Woodie-2.jpg\",\"width\":1200,\"height\":1200,\"caption\":\"parrot foot toy tripple woodie\"},{\"@type\":\"BreadcrumbList\",\"@id\":\"https:\\\/\\\/pepper.ee\\\/en\\\/toode\\\/parrot-foot-toy-tripple-woodie\\\/#breadcrumb\",\"itemListElement\":[{\"@type\":\"ListItem\",\"position\":1,\"name\":\"Home\",\"item\":\"https:\\\/\\\/pepper.ee\\\/en\\\/\"},{\"@type\":\"ListItem\",\"position\":2,\"name\":\"Shop\",\"item\":\"https:\\\/\\\/pepper.ee\\\/pood\\\/\"},{\"@type\":\"ListItem\",\"position\":3,\"name\":\"Parrot Foot Toy Tripple Woodie\"}]},{\"@type\":\"WebSite\",\"@id\":\"https:\\\/\\\/pepper.ee\\\/#website\",\"url\":\"https:\\\/\\\/pepper.ee\\\/\",\"name\":\"Pepper.ee\",\"description\":\"\",\"potentialAction\":[{\"@type\":\"SearchAction\",\"target\":{\"@type\":\"EntryPoint\",\"urlTemplate\":\"https:\\\/\\\/pepper.ee\\\/?s={search_term_string}\"},\"query-input\":{\"@type\":\"PropertyValueSpecification\",\"valueRequired\":true,\"valueName\":\"search_term_string\"}}],\"inLanguage\":\"en-US\"}]}<\/script>\n<!-- \/ Yoast SEO plugin. -->","yoast_head_json":{"title":"Parrot Foot Toy Tripple Woodie - Pepper.ee","description":"L\u00f5bus puidust jalam\u00e4nguasi papagoidele Tripple Woodie pakub r\u00f5\u00f5mu ja n\u00e4rimislusti laual m\u00e4ngides ja jalaga m\u00e4nguasja hoides.","robots":{"index":"index","follow":"follow","max-snippet":"max-snippet:-1","max-image-preview":"max-image-preview:large","max-video-preview":"max-video-preview:-1"},"canonical":"https:\/\/pepper.ee\/en\/toode\/parrot-foot-toy-tripple-woodie\/","og_locale":"en_US","og_type":"article","og_title":"Parrot Foot Toy Tripple Woodie - Pepper.ee","og_description":"L\u00f5bus puidust jalam\u00e4nguasi papagoidele Tripple Woodie pakub r\u00f5\u00f5mu ja n\u00e4rimislusti laual m\u00e4ngides ja jalaga m\u00e4nguasja hoides.","og_url":"https:\/\/pepper.ee\/en\/toode\/parrot-foot-toy-tripple-woodie\/","og_site_name":"Pepper.ee","article_publisher":"https:\/\/www.facebook.com\/profile.php?id=100057433870928","og_image":[{"width":1200,"height":1200,"url":"https:\/\/pepper.ee\/wp-content\/uploads\/2024\/05\/Papagoi-jalamanguasi-Tripple-Woodie-2.jpg","type":"image\/jpeg"}],"twitter_card":"summary_large_image","schema":{"@context":"https:\/\/schema.org","@graph":[{"@type":"WebPage","@id":"https:\/\/pepper.ee\/en\/toode\/parrot-foot-toy-tripple-woodie\/","url":"https:\/\/pepper.ee\/en\/toode\/parrot-foot-toy-tripple-woodie\/","name":"Parrot Foot Toy Tripple Woodie - Pepper.ee","isPartOf":{"@id":"https:\/\/pepper.ee\/#website"},"primaryImageOfPage":{"@id":"https:\/\/pepper.ee\/en\/toode\/parrot-foot-toy-tripple-woodie\/#primaryimage"},"image":{"@id":"https:\/\/pepper.ee\/en\/toode\/parrot-foot-toy-tripple-woodie\/#primaryimage"},"thumbnailUrl":"https:\/\/pepper.ee\/wp-content\/uploads\/2024\/05\/Papagoi-jalamanguasi-Tripple-Woodie-2.jpg","datePublished":"2024-05-30T06:47:50+00:00","description":"L\u00f5bus puidust jalam\u00e4nguasi papagoidele Tripple Woodie pakub r\u00f5\u00f5mu ja n\u00e4rimislusti laual m\u00e4ngides ja jalaga m\u00e4nguasja hoides.","breadcrumb":{"@id":"https:\/\/pepper.ee\/en\/toode\/parrot-foot-toy-tripple-woodie\/#breadcrumb"},"inLanguage":"en-US","potentialAction":[{"@type":"ReadAction","target":["https:\/\/pepper.ee\/en\/toode\/parrot-foot-toy-tripple-woodie\/"]}]},{"@type":"ImageObject","inLanguage":"en-US","@id":"https:\/\/pepper.ee\/en\/toode\/parrot-foot-toy-tripple-woodie\/#primaryimage","url":"https:\/\/pepper.ee\/wp-content\/uploads\/2024\/05\/Papagoi-jalamanguasi-Tripple-Woodie-2.jpg","contentUrl":"https:\/\/pepper.ee\/wp-content\/uploads\/2024\/05\/Papagoi-jalamanguasi-Tripple-Woodie-2.jpg","width":1200,"height":1200,"caption":"parrot foot toy tripple woodie"},{"@type":"BreadcrumbList","@id":"https:\/\/pepper.ee\/en\/toode\/parrot-foot-toy-tripple-woodie\/#breadcrumb","itemListElement":[{"@type":"ListItem","position":1,"name":"Home","item":"https:\/\/pepper.ee\/en\/"},{"@type":"ListItem","position":2,"name":"Shop","item":"https:\/\/pepper.ee\/pood\/"},{"@type":"ListItem","position":3,"name":"Parrot Foot Toy Tripple Woodie"}]},{"@type":"WebSite","@id":"https:\/\/pepper.ee\/#website","url":"https:\/\/pepper.ee\/","name":"Pepper.ee","description":"","potentialAction":[{"@type":"SearchAction","target":{"@type":"EntryPoint","urlTemplate":"https:\/\/pepper.ee\/?s={search_term_string}"},"query-input":{"@type":"PropertyValueSpecification","valueRequired":true,"valueName":"search_term_string"}}],"inLanguage":"en-US"}]}},"_links":{"self":[{"href":"https:\/\/pepper.ee\/en\/wp-json\/wp\/v2\/product\/11143","targetHints":{"allow":["GET"]}}],"collection":[{"href":"https:\/\/pepper.ee\/en\/wp-json\/wp\/v2\/product"}],"about":[{"href":"https:\/\/pepper.ee\/en\/wp-json\/wp\/v2\/types\/product"}],"replies":[{"embeddable":true,"href":"https:\/\/pepper.ee\/en\/wp-json\/wp\/v2\/comments?post=11143"}],"wp:featuredmedia":[{"embeddable":true,"href":"https:\/\/pepper.ee\/en\/wp-json\/wp\/v2\/media\/11057"}],"wp:attachment":[{"href":"https:\/\/pepper.ee\/en\/wp-json\/wp\/v2\/media?parent=11143"}],"wp:term":[{"taxonomy":"product_brand","embeddable":true,"href":"https:\/\/pepper.ee\/en\/wp-json\/wp\/v2\/product_brand?post=11143"},{"taxonomy":"product_cat","embeddable":true,"href":"https:\/\/pepper.ee\/en\/wp-json\/wp\/v2\/product_cat?post=11143"},{"taxonomy":"product_tag","embeddable":true,"href":"https:\/\/pepper.ee\/en\/wp-json\/wp\/v2\/product_tag?post=11143"}],"curies":[{"name":"wp","href":"https:\/\/api.w.org\/{rel}","templated":true}]}}